{"id":167,"date":"2025-07-05T17:42:33","date_gmt":"2025-07-05T15:42:33","guid":{"rendered":"https:\/\/luebbe-immo.de\/?page_id=167"},"modified":"2025-08-22T12:29:50","modified_gmt":"2025-08-22T10:29:50","slug":"luebbe-immo-home","status":"publish","type":"page","link":"https:\/\/luebbe-immo.de\/en\/","title":{"rendered":"Home"},"content":{"rendered":"<div data-elementor-type=\"wp-page\" data-elementor-id=\"167\" class=\"elementor elementor-167\">\n\t\t\t\t<div class=\"elementor-element elementor-element-803fd3e e-flex e-con-boxed e-con e-parent\" data-id=\"803fd3e\" data-element_type=\"container\" data-settings=\"{&quot;background_background&quot;:&quot;classic&quot;}\">\n\t\t\t\t\t<div class=\"e-con-inner\">\n\t\t\t\t<div class=\"elementor-element elementor-element-4f801d26 elementor-widget elementor-widget-image\" data-id=\"4f801d26\" data-element_type=\"widget\" data-widget_type=\"image.default\">\n\t\t\t\t\t\t\t\t\t\t\t\t\t\t\t<img decoding=\"async\" src=\"https:\/\/luebbe-immo.de\/wp-content\/uploads\/2025\/07\/luebbe_immo_logo_light.svg\" class=\"attachment-full size-full wp-image-9\" alt=\"\" \/>\t\t\t\t\t\t\t\t\t\t\t\t\t\t\t<\/div>\n\t\t\t\t\t<\/div>\n\t\t\t\t<\/div>\n\t\t<div class=\"elementor-element elementor-element-de1a5dd e-flex e-con-boxed e-con e-parent\" data-id=\"de1a5dd\" data-element_type=\"container\" data-settings=\"{&quot;background_background&quot;:&quot;classic&quot;}\">\n\t\t\t\t\t<div class=\"e-con-inner\">\n\t\t<div class=\"elementor-element elementor-element-6f720b6 e-con-full e-flex e-con e-child\" data-id=\"6f720b6\" data-element_type=\"container\" data-settings=\"{&quot;background_background&quot;:&quot;classic&quot;}\">\n\t\t\t\t<div class=\"elementor-element elementor-element-c1f577b elementor-widget elementor-widget-heading\" data-id=\"c1f577b\" data-element_type=\"widget\" data-widget_type=\"heading.default\">\n\t\t\t\t\t<h2 class=\"elementor-heading-title elementor-size-default\">Willkommen bei L\u00fcbbe Immo<\/h2>\t\t\t\t<\/div>\n\t\t\t\t<div class=\"elementor-element elementor-element-664d825 elementor-widget elementor-widget-heading\" data-id=\"664d825\" data-element_type=\"widget\" data-widget_type=\"heading.default\">\n\t\t\t\t\t<h4 class=\"elementor-heading-title elementor-size-default\">Ihr Partner f\u00fcr modernes Wohnen.<\/h4>\t\t\t\t<\/div>\n\t\t\t\t<div class=\"elementor-element elementor-element-450cd04 elementor-widget elementor-widget-text-editor\" data-id=\"450cd04\" data-element_type=\"widget\" data-widget_type=\"text-editor.default\">\n\t\t\t\t\t\t\t\t\t<p class=\"p1\">Wir sind ein junges Unternehmen, das mit frischen Ideen und Leidenschaft zeitgem\u00e4\u00dfe Bauprojekte realisiert. Unser Fokus liegt auf moderner Architektur, nachhaltigen Konzepten und hoher Lebensqualit\u00e4t. Ob Neubau oder innovative Wohnkonzepte \u2013 wir schaffen R\u00e4ume, die heute und morgen begeistern.<\/p><p><!-- \/wp:paragraph --><\/p>\t\t\t\t\t\t\t\t<\/div>\n\t\t\t\t<div class=\"elementor-element elementor-element-896c889 elementor-widget elementor-widget-heading\" data-id=\"896c889\" data-element_type=\"widget\" data-widget_type=\"heading.default\">\n\t\t\t\t\t<h4 class=\"elementor-heading-title elementor-size-default\">Hier geht's zu unserem aktuellen Projekt:<\/h4>\t\t\t\t<\/div>\n\t\t<div class=\"elementor-element elementor-element-ec4e28b e-grid e-con-full e-con e-child\" data-id=\"ec4e28b\" data-element_type=\"container\">\n\t\t<div class=\"elementor-element elementor-element-c5d22f3 e-con-full e-flex e-con e-child\" data-id=\"c5d22f3\" data-element_type=\"container\" data-settings=\"{&quot;background_background&quot;:&quot;classic&quot;}\">\n\t\t\t\t<div class=\"elementor-element elementor-element-d6f768f elementor-widget elementor-widget-image\" data-id=\"d6f768f\" data-element_type=\"widget\" data-widget_type=\"image.default\">\n\t\t\t\t\t\t\t\t\t\t\t\t\t\t\t<img fetchpriority=\"high\" decoding=\"async\" width=\"800\" height=\"600\" src=\"https:\/\/luebbe-immo.de\/wp-content\/uploads\/2025\/08\/Image-from-OneDrive-1-1024x768.png\" class=\"attachment-large size-large wp-image-538\" alt=\"\" srcset=\"https:\/\/luebbe-immo.de\/wp-content\/uploads\/2025\/08\/Image-from-OneDrive-1-1024x768.png 1024w, https:\/\/luebbe-immo.de\/wp-content\/uploads\/2025\/08\/Image-from-OneDrive-1-300x225.png 300w, https:\/\/luebbe-immo.de\/wp-content\/uploads\/2025\/08\/Image-from-OneDrive-1-768x576.png 768w, https:\/\/luebbe-immo.de\/wp-content\/uploads\/2025\/08\/Image-from-OneDrive-1-16x12.png 16w, https:\/\/luebbe-immo.de\/wp-content\/uploads\/2025\/08\/Image-from-OneDrive-1.png 1500w\" sizes=\"(max-width: 800px) 100vw, 800px\" \/>\t\t\t\t\t\t\t\t\t\t\t\t\t\t\t<\/div>\n\t\t\t\t<div class=\"elementor-element elementor-element-1df67bd elementor-widget elementor-widget-heading\" data-id=\"1df67bd\" data-element_type=\"widget\" data-widget_type=\"heading.default\">\n\t\t\t\t\t<h5 class=\"elementor-heading-title elementor-size-default\">Junges Wohnen - Scharnagl-Passage<\/h5>\t\t\t\t<\/div>\n\t\t\t\t<div class=\"elementor-element elementor-element-a83537b elementor-widget elementor-widget-text-editor\" data-id=\"a83537b\" data-element_type=\"widget\" data-widget_type=\"text-editor.default\">\n\t\t\t\t\t\t\t\t\t<p>Mit dem Projekt <strong data-start=\"141\" data-end=\"158\">Junges Wohnen<\/strong> ist in der Scharnagl-Passage in Alt\u00f6tting moderner Wohnraum f\u00fcr bis zu 75 Studenten und Technikersch\u00fcler entstanden. Die Apartments \u00fcberzeugen durch ihre zentrale Lage und die hervorragende Anbindung zum Bahnhof, was sie auch f\u00fcr Studierende aus Burghausen und M\u00fchldorf besonders attraktiv macht. Dank der Zusammenarbeit mit dem Bautr\u00e4ger Bachmaier GmbH konnte die Kreisstadt ein zukunftsorientiertes Projekt verwirklichen, das jungen Menschen bezugsfertige Wohnqualit\u00e4t mitten im Zentrum bietet.<\/p>\t\t\t\t\t\t\t\t<\/div>\n\t\t\t\t<div class=\"elementor-element elementor-element-3895c52 elementor-align-center elementor-widget elementor-widget-button\" data-id=\"3895c52\" data-element_type=\"widget\" data-widget_type=\"button.default\">\n\t\t\t\t\t\t\t\t\t\t<a class=\"elementor-button elementor-button-link elementor-size-sm\" href=\"https:\/\/luebbe-immo.de\/en\/scharnagl\/\">\n\t\t\t\t\t\t<span class=\"elementor-button-content-wrapper\">\n\t\t\t\t\t\t\t\t\t<span class=\"elementor-button-text\">Jetzt Zimmer mieten >><\/span>\n\t\t\t\t\t<\/span>\n\t\t\t\t\t<\/a>\n\t\t\t\t\t\t\t\t<\/div>\n\t\t\t\t<\/div>\n\t\t\t\t<\/div>\n\t\t\t\t<\/div>\n\t\t\t\t\t<\/div>\n\t\t\t\t<\/div>\n\t\t<div class=\"elementor-element elementor-element-5e8a8c73 e-flex e-con-boxed e-con e-parent\" data-id=\"5e8a8c73\" data-element_type=\"container\" data-settings=\"{&quot;background_background&quot;:&quot;classic&quot;}\">\n\t\t\t\t\t<div class=\"e-con-inner\">\n\t\t\t\t<div class=\"elementor-element elementor-element-6c91f62d elementor-widget elementor-widget-image\" data-id=\"6c91f62d\" data-element_type=\"widget\" data-widget_type=\"image.default\">\n\t\t\t\t\t\t\t\t\t\t\t\t\t\t\t<img decoding=\"async\" src=\"https:\/\/luebbe-immo.de\/wp-content\/uploads\/2025\/07\/luebbe_immo_logo_light.svg\" class=\"attachment-full size-full wp-image-9\" alt=\"\" \/>\t\t\t\t\t\t\t\t\t\t\t\t\t\t\t<\/div>\n\t\t\t\t<div class=\"elementor-element elementor-element-41aa2e84 elementor-widget elementor-widget-text-editor\" data-id=\"41aa2e84\" data-element_type=\"widget\" data-widget_type=\"text-editor.default\">\n\t\t\t\t\t\t\t\t\t<p style=\"text-align: center;\"><a href=\"https:\/\/luebbe-immo.de\/en\/datenschutzerklaerung\/\">Privacy policy<\/a> | <a href=\"https:\/\/luebbe-immo.de\/en\/impressum\/\">Imprint<\/a><\/p>\t\t\t\t\t\t\t\t<\/div>\n\t\t\t\t<div class=\"elementor-element elementor-element-6f9f8ada elementor-widget elementor-widget-text-editor\" data-id=\"6f9f8ada\" data-element_type=\"widget\" data-widget_type=\"text-editor.default\">\n\t\t\t\t\t\t\t\t\t<p>Copyright \u00a9 2025 &#8211; L\u00fcbbe Immo &#8211; Alle Rechte vorbehalten<\/p>\t\t\t\t\t\t\t\t<\/div>\n\t\t\t\t\t<\/div>\n\t\t\t\t<\/div>\n\t\t\t\t<\/div>","protected":false},"excerpt":{"rendered":"<p>Willkommen bei L\u00fcbbe Immo Ihr Partner f\u00fcr modernes Wohnen. Wir sind ein junges Unternehmen, das mit frischen Ideen und Leidenschaft zeitgem\u00e4\u00dfe Bauprojekte realisiert. Unser Fokus liegt auf moderner Architektur, nachhaltigen Konzepten und hoher Lebensqualit\u00e4t. Ob Neubau oder innovative Wohnkonzepte \u2013 wir schaffen R\u00e4ume, die heute und morgen begeistern. Hier geht&#8217;s zu unserem aktuellen Projekt: Junges [&hellip;]<\/p>","protected":false},"author":1,"featured_media":0,"parent":0,"menu_order":0,"comment_status":"closed","ping_status":"closed","template":"elementor_canvas","meta":{"footnotes":""},"class_list":["post-167","page","type-page","status-publish","hentry"],"yoast_head":"<!-- This site is optimized with the Yoast SEO plugin v25.5 - https:\/\/yoast.com\/wordpress\/plugins\/seo\/ -->\n<title>L\u00fcbbe Immo - Ihr Partner f\u00fcr modernes Wohnen.<\/title>\n<meta name=\"description\" content=\"Wir sind ein junges Unternehmen, das mit frischen Ideen und Leidenschaft zeitgem\u00e4\u00dfe Bauprojekte realisiert.\" \/>\n<meta name=\"robots\" content=\"noindex, nofollow\" \/>\n<meta property=\"og:locale\" content=\"en_GB\" \/>\n<meta property=\"og:type\" content=\"article\" \/>\n<meta property=\"og:title\" content=\"L\u00fcbbe Immo - Ihr Partner f\u00fcr modernes Wohnen.\" \/>\n<meta property=\"og:description\" content=\"Wir sind ein junges Unternehmen, das mit frischen Ideen und Leidenschaft zeitgem\u00e4\u00dfe Bauprojekte realisiert.\" \/>\n<meta property=\"og:url\" content=\"https:\/\/luebbe-immo.de\/en\/\" \/>\n<meta property=\"og:site_name\" content=\"L\u00fcbbe Immo\" \/>\n<meta property=\"article:modified_time\" content=\"2025-08-22T10:29:50+00:00\" \/>\n<meta name=\"twitter:card\" content=\"summary_large_image\" \/>\n<meta name=\"twitter:label1\" content=\"Estimated reading time\" \/>\n\t<meta name=\"twitter:data1\" content=\"1 minute\" \/>\n<script type=\"application\/ld+json\" class=\"yoast-schema-graph\">{\"@context\":\"https:\/\/schema.org\",\"@graph\":[{\"@type\":\"WebPage\",\"@id\":\"https:\/\/luebbe-immo.de\/\",\"url\":\"https:\/\/luebbe-immo.de\/\",\"name\":\"L\u00fcbbe Immo - Ihr Partner f\u00fcr modernes Wohnen.\",\"isPartOf\":{\"@id\":\"https:\/\/luebbe-immo.de\/#website\"},\"primaryImageOfPage\":{\"@id\":\"https:\/\/luebbe-immo.de\/#primaryimage\"},\"image\":{\"@id\":\"https:\/\/luebbe-immo.de\/#primaryimage\"},\"thumbnailUrl\":\"https:\/\/luebbe-immo.de\/wp-content\/uploads\/2025\/07\/luebbe_immo_logo_light.svg\",\"datePublished\":\"2025-07-05T15:42:33+00:00\",\"dateModified\":\"2025-08-22T10:29:50+00:00\",\"description\":\"Wir sind ein junges Unternehmen, das mit frischen Ideen und Leidenschaft zeitgem\u00e4\u00dfe Bauprojekte realisiert.\",\"breadcrumb\":{\"@id\":\"https:\/\/luebbe-immo.de\/#breadcrumb\"},\"inLanguage\":\"en-GB\",\"potentialAction\":[{\"@type\":\"ReadAction\",\"target\":[\"https:\/\/luebbe-immo.de\/\"]}]},{\"@type\":\"ImageObject\",\"inLanguage\":\"en-GB\",\"@id\":\"https:\/\/luebbe-immo.de\/#primaryimage\",\"url\":\"https:\/\/luebbe-immo.de\/wp-content\/uploads\/2025\/07\/luebbe_immo_logo_light.svg\",\"contentUrl\":\"https:\/\/luebbe-immo.de\/wp-content\/uploads\/2025\/07\/luebbe_immo_logo_light.svg\"},{\"@type\":\"BreadcrumbList\",\"@id\":\"https:\/\/luebbe-immo.de\/#breadcrumb\",\"itemListElement\":[{\"@type\":\"ListItem\",\"position\":1,\"name\":\"Startseite\",\"item\":\"https:\/\/luebbe-immo.de\/\"},{\"@type\":\"ListItem\",\"position\":2,\"name\":\"Home\"}]},{\"@type\":\"WebSite\",\"@id\":\"https:\/\/luebbe-immo.de\/#website\",\"url\":\"https:\/\/luebbe-immo.de\/\",\"name\":\"L\u00fcbbe Immo\",\"description\":\"\",\"publisher\":{\"@id\":\"https:\/\/luebbe-immo.de\/#organization\"},\"potentialAction\":[{\"@type\":\"SearchAction\",\"target\":{\"@type\":\"EntryPoint\",\"urlTemplate\":\"https:\/\/luebbe-immo.de\/?s={search_term_string}\"},\"query-input\":{\"@type\":\"PropertyValueSpecification\",\"valueRequired\":true,\"valueName\":\"search_term_string\"}}],\"inLanguage\":\"en-GB\"},{\"@type\":\"Organization\",\"@id\":\"https:\/\/luebbe-immo.de\/#organization\",\"name\":\"L\u00fcbbe Immo\",\"url\":\"https:\/\/luebbe-immo.de\/\",\"logo\":{\"@type\":\"ImageObject\",\"inLanguage\":\"en-GB\",\"@id\":\"https:\/\/luebbe-immo.de\/#\/schema\/logo\/image\/\",\"url\":\"https:\/\/luebbe-immo.de\/wp-content\/uploads\/2025\/07\/luebbe_immo_logo_dark.svg\",\"contentUrl\":\"https:\/\/luebbe-immo.de\/wp-content\/uploads\/2025\/07\/luebbe_immo_logo_dark.svg\",\"width\":1,\"height\":1,\"caption\":\"L\u00fcbbe Immo\"},\"image\":{\"@id\":\"https:\/\/luebbe-immo.de\/#\/schema\/logo\/image\/\"}}]}<\/script>\n<!-- \/ Yoast SEO plugin. -->","yoast_head_json":{"title":"L\u00fcbbe Immo - Ihr Partner f\u00fcr modernes Wohnen.","description":"Wir sind ein junges Unternehmen, das mit frischen Ideen und Leidenschaft zeitgem\u00e4\u00dfe Bauprojekte realisiert.","robots":{"index":"noindex","follow":"nofollow"},"og_locale":"en_GB","og_type":"article","og_title":"L\u00fcbbe Immo - Ihr Partner f\u00fcr modernes Wohnen.","og_description":"Wir sind ein junges Unternehmen, das mit frischen Ideen und Leidenschaft zeitgem\u00e4\u00dfe Bauprojekte realisiert.","og_url":"https:\/\/luebbe-immo.de\/en\/","og_site_name":"L\u00fcbbe Immo","article_modified_time":"2025-08-22T10:29:50+00:00","twitter_card":"summary_large_image","twitter_misc":{"Estimated reading time":"1 minute"},"schema":{"@context":"https:\/\/schema.org","@graph":[{"@type":"WebPage","@id":"https:\/\/luebbe-immo.de\/","url":"https:\/\/luebbe-immo.de\/","name":"L\u00fcbbe Immo - Ihr Partner f\u00fcr modernes Wohnen.","isPartOf":{"@id":"https:\/\/luebbe-immo.de\/#website"},"primaryImageOfPage":{"@id":"https:\/\/luebbe-immo.de\/#primaryimage"},"image":{"@id":"https:\/\/luebbe-immo.de\/#primaryimage"},"thumbnailUrl":"https:\/\/luebbe-immo.de\/wp-content\/uploads\/2025\/07\/luebbe_immo_logo_light.svg","datePublished":"2025-07-05T15:42:33+00:00","dateModified":"2025-08-22T10:29:50+00:00","description":"Wir sind ein junges Unternehmen, das mit frischen Ideen und Leidenschaft zeitgem\u00e4\u00dfe Bauprojekte realisiert.","breadcrumb":{"@id":"https:\/\/luebbe-immo.de\/#breadcrumb"},"inLanguage":"en-GB","potentialAction":[{"@type":"ReadAction","target":["https:\/\/luebbe-immo.de\/"]}]},{"@type":"ImageObject","inLanguage":"en-GB","@id":"https:\/\/luebbe-immo.de\/#primaryimage","url":"https:\/\/luebbe-immo.de\/wp-content\/uploads\/2025\/07\/luebbe_immo_logo_light.svg","contentUrl":"https:\/\/luebbe-immo.de\/wp-content\/uploads\/2025\/07\/luebbe_immo_logo_light.svg"},{"@type":"BreadcrumbList","@id":"https:\/\/luebbe-immo.de\/#breadcrumb","itemListElement":[{"@type":"ListItem","position":1,"name":"Startseite","item":"https:\/\/luebbe-immo.de\/"},{"@type":"ListItem","position":2,"name":"Home"}]},{"@type":"WebSite","@id":"https:\/\/luebbe-immo.de\/#website","url":"https:\/\/luebbe-immo.de\/","name":"L\u00fcbbe Immo","description":"","publisher":{"@id":"https:\/\/luebbe-immo.de\/#organization"},"potentialAction":[{"@type":"SearchAction","target":{"@type":"EntryPoint","urlTemplate":"https:\/\/luebbe-immo.de\/?s={search_term_string}"},"query-input":{"@type":"PropertyValueSpecification","valueRequired":true,"valueName":"search_term_string"}}],"inLanguage":"en-GB"},{"@type":"Organization","@id":"https:\/\/luebbe-immo.de\/#organization","name":"L\u00fcbbe Immo","url":"https:\/\/luebbe-immo.de\/","logo":{"@type":"ImageObject","inLanguage":"en-GB","@id":"https:\/\/luebbe-immo.de\/#\/schema\/logo\/image\/","url":"https:\/\/luebbe-immo.de\/wp-content\/uploads\/2025\/07\/luebbe_immo_logo_dark.svg","contentUrl":"https:\/\/luebbe-immo.de\/wp-content\/uploads\/2025\/07\/luebbe_immo_logo_dark.svg","width":1,"height":1,"caption":"L\u00fcbbe Immo"},"image":{"@id":"https:\/\/luebbe-immo.de\/#\/schema\/logo\/image\/"}}]}},"_links":{"self":[{"href":"https:\/\/luebbe-immo.de\/en\/wp-json\/wp\/v2\/pages\/167","targetHints":{"allow":["GET"]}}],"collection":[{"href":"https:\/\/luebbe-immo.de\/en\/wp-json\/wp\/v2\/pages"}],"about":[{"href":"https:\/\/luebbe-immo.de\/en\/wp-json\/wp\/v2\/types\/page"}],"author":[{"embeddable":true,"href":"https:\/\/luebbe-immo.de\/en\/wp-json\/wp\/v2\/users\/1"}],"replies":[{"embeddable":true,"href":"https:\/\/luebbe-immo.de\/en\/wp-json\/wp\/v2\/comments?post=167"}],"version-history":[{"count":0,"href":"https:\/\/luebbe-immo.de\/en\/wp-json\/wp\/v2\/pages\/167\/revisions"}],"wp:attachment":[{"href":"https:\/\/luebbe-immo.de\/en\/wp-json\/wp\/v2\/media?parent=167"}],"curies":[{"name":"wp","href":"https:\/\/api.w.org\/{rel}","templated":true}]}}